{"id":62,"date":"2024-01-05T09:23:05","date_gmt":"2024-01-05T08:23:05","guid":{"rendered":"https:\/\/go-red.es\/ie\/?page_id=62"},"modified":"2024-01-05T09:27:56","modified_gmt":"2024-01-05T08:27:56","slug":"politica-de-privacidad","status":"publish","type":"page","link":"https:\/\/go-red.es\/ie\/politica-de-privacidad\/","title":{"rendered":"Pol\u00edtica de privacidad"},"content":{"rendered":"\n<p><strong><u>1. RESPONSABLE<\/u><\/strong><\/p>\n\n\n\n<p><strong>\u00bfQui\u00e9n es el responsable de tratamiento de sus datos?<\/strong><\/p>\n\n\n\n<p>Identidad: GO RED TELECOMUNICACIONES S.L.<\/p>\n\n\n\n<ul class=\"wp-block-list\">\n<li>CIF: B86908365<\/li>\n\n\n\n<li>Domicilio: C\/ PASEO DE LA CASTELLANA 164 \u2013 28046, MADRID<\/li>\n\n\n\n<li>Tel\u00e9fono: 681344444<\/li>\n\n\n\n<li>Correo electr\u00f3nico: ADMINISTRACION@GO-RED.ES<\/li>\n\n\n\n<li>Delegado de Protecci\u00f3n de Datos \/ DPD:&nbsp;<a href=\"mailto:PRIVACIDAD@GO-RED.ES\">PRIVACIDAD@GO-RED.ES<\/a><\/li>\n<\/ul>\n\n\n\n<p><strong><u>2. FINALIDAD<\/u><\/strong><\/p>\n\n\n\n<p><strong>\u00bfCon que finalidad trataremos sus datos personales?<\/strong><\/p>\n\n\n\n<p>En GO RED TELECOMUNICACIONES S.L. trataremos su informaci\u00f3n para:<\/p>\n\n\n\n<ul class=\"wp-block-list\">\n<li>Gestionar la relaci\u00f3n mercantil que ha suscrito y contratado con nosotros.<\/li>\n\n\n\n<li>Env\u00edo de comunicaciones comerciales relacionados con el sector de Telecomunicaciones y de informaci\u00f3n que consideramos de su inter\u00e9s.<\/li>\n\n\n\n<li>Realizaci\u00f3n de un presupuesto ajustado a sus necesidades.<\/li>\n\n\n\n<li>Gestionar comunicaciones por correo electr\u00f3nico con interesados.<\/li>\n\n\n\n<li>Llevar a cabo los procesos de selecci\u00f3n de la sociedad.<\/li>\n<\/ul>\n\n\n\n<p><strong>\u00bfDurante cu\u00e1nto tiempo tendremos sus datos?<\/strong><\/p>\n\n\n\n<p>Los datos personales que nos proporciones ser\u00e1n conservados mientras se mantenga la relaci\u00f3n mercantil vigente. Asimismo, aunque se ponga fin a la relaci\u00f3n entre las partes GO RED TELECOMUNICACIONES S.L. seguir\u00e1 conservando su informaci\u00f3n para el env\u00edo de&nbsp;<em>Newsletters<\/em>&nbsp;vinculadas con nuestros productos y servicios<a href=\"http:\/\/www.go-red.es\/politica-de-privacidad\/#_ftn1\">[1]<\/a>. Siempre podr\u00e1 ejercitar los derechos que le reconoce la normativa vigente poni\u00e9ndose en contacto a trav\u00e9s de la v\u00eda que le sea m\u00e1s c\u00f3moda.<\/p>\n\n\n\n<p>Sin embargo, le informamos que de forma peri\u00f3dica revisaremos nuestros sistemas para proceder a eliminar aquellos datos que no sean legalmente necesarios.<\/p>\n\n\n\n<p><strong><u>3. LEGITIMACI\u00d3N<\/u><\/strong><\/p>\n\n\n\n<p><strong>\u00bfCu\u00e1l es la legitimaci\u00f3n para el tratamiento de sus datos?<\/strong><\/p>\n\n\n\n<p>Seg\u00fan las finalidades de la recogida de nuestros datos, el tratamiento de sus datos es necesario:<\/p>\n\n\n\n<ol class=\"wp-block-list\">\n<li>Gestionar la relaci\u00f3n mercantil que ha suscrito y contratado con nosotros.\n<ul class=\"wp-block-list\">\n<li>Ejecuci\u00f3n de un contrato (habilitado por el art\u00edculo 6.1.b RGPD)<\/li>\n\n\n\n<li>Consentimiento del interesado (habitado por el art\u00edculo 6.1.a RGPD)<\/li>\n<\/ul>\n<\/li>\n\n\n\n<li>Env\u00edo de comunicaciones comerciales\n<ul class=\"wp-block-list\">\n<li>Consentimiento del interesado (habilitado por el art\u00edculo 6.1. RGPD)<\/li>\n\n\n\n<li>Consentimiento del interesado (habilitado por el art\u00edculo 20 LSSICE)<\/li>\n\n\n\n<li>Inter\u00e9s leg\u00edtimo (habilitado por el art\u00edculo 6.1.f RGPD)<\/li>\n<\/ul>\n<\/li>\n\n\n\n<li>Realizaci\u00f3n de un presupuesto ajustado a sus necesidades.\n<ul class=\"wp-block-list\">\n<li>Consentimiento del interesado (habitado por el art\u00edculo 6.1.a RGPD)<\/li>\n<\/ul>\n<\/li>\n\n\n\n<li>Gestionar comunicaciones por correo electr\u00f3nico con interesados.\n<ul class=\"wp-block-list\">\n<li>Consentimiento del interesado (habitado por el art\u00edculo 6.1.a RGPD)<\/li>\n<\/ul>\n<\/li>\n\n\n\n<li>Llevar a cabo los procesos de selecci\u00f3n de la sociedad.\n<ul class=\"wp-block-list\">\n<li>Consentimiento del interesado (habitado por el art\u00edculo 6.1.a RGPD)<\/li>\n\n\n\n<li>Inter\u00e9s leg\u00edtimo (habilitado por el art\u00edculo 6.1.f RGPD)<\/li>\n<\/ul>\n<\/li>\n<\/ol>\n\n\n\n<p>Asimismo, todos los datos recogidos son necesarios para la prestaci\u00f3n del servicio. No obstante, aquellos datos que est\u00e9n marcados con un asterisco (*) ser\u00e1n opcionales. En el caso de que los datos obligatorios no fueran facilitados GO RED TELECOMUNICACIONES S.L. no podr\u00e1 prestarle el servicio contratado.<\/p>\n\n\n\n<p><strong><u>4. DERECHOS QUE LE ASISTEN A LAS PERSONAS INTERESADAS<\/u><\/strong><\/p>\n\n\n\n<p><strong>\u00bfQu\u00e9 derechos tengo en materia de protecci\u00f3n de datos?<\/strong><\/p>\n\n\n\n<p>Puede ejercitar cualquiera de los siguientes derechos comunic\u00e1ndonoslo a la direcci\u00f3n postal C\/ SOR ANGELA DE LA CRUZ 2 \u2013 PISO 13 C, 28020 MADRID o a la direcci\u00f3n electr\u00f3nica indicada en el encabezado (PRIVACIDAD@GO-RED.ES). En todo caso, seg\u00fan la normativa vigente tiene reconocido el:<\/p>\n\n\n\n<ul class=\"wp-block-list\">\n<li>Derecho a solicitar el acceso a los datos personales relativos al interesado.<\/li>\n\n\n\n<li>Derecho a solicitar su rectificaci\u00f3n o supresi\u00f3n.<\/li>\n\n\n\n<li>Derecho a solicitar la limitaci\u00f3n del tratamiento.<\/li>\n\n\n\n<li>Derecho a oponerse al tratamiento.<\/li>\n\n\n\n<li>Derecho a la portabilidad.<\/li>\n<\/ul>\n\n\n\n<p>Podr\u00e1 hacer uso de los siguientes formularios para poder ejercitar sus derechos de una manera m\u00e1s f\u00e1cil [ADJUNTAR FORMULARIOS. V\u00c9ASE DOCUMENTO N\u00daMERO 10: DERECHO DE LOS INTERESADOS]<\/p>\n\n\n\n<p><strong>\u00bfCu\u00e1les son sus derechos cuando nos facilita sus datos?<\/strong><\/p>\n\n\n\n<p>Cualquier ciudadano tiene el derecho a obtener confirmaci\u00f3n sobre si GO RED TELECOMUNICACIONES S.L. est\u00e1 tratando datos de personales que le conciernan o no.<\/p>\n\n\n\n<p>Las personas interesadas podr\u00e1n acceder a sus datos personales, rectificarlos o en su caso solicitar la supresi\u00f3n cuando, entre otros motivos, los datos ya no sean necesarios para los fines que fueron recabados.<\/p>\n\n\n\n<p>Tambi\u00e9n puede comunicarnos que la limitaci\u00f3n del tratamiento de sus datos en cuyo caso \u00fanicamente se trataran para el ejercicio o la defensa de reclamaciones.<\/p>\n\n\n\n<p>Asimismo, en cualquier momento puede revocar su consentimiento sobre los datos manejados por usted.<\/p>\n\n\n\n<p>Adicionalmente, puede presentar una reclamaci\u00f3n ante la Agencia Espa\u00f1ola de Protecci\u00f3n de Datos (AEPD). M\u00e1s informaci\u00f3n en el Apartado VII del presente documento.<\/p>\n\n\n\n<p><strong><u>5. DESTINATARIOS<\/u><\/strong><\/p>\n\n\n\n<p><strong>\u00bfA qu\u00e9 destinatarios se comunicar\u00e1n sus datos?<\/strong><\/p>\n\n\n\n<p>Sus datos no ser\u00e1n comunicados a terceras empresas salvo comunicaciones a las sociedades que incorpora el grupo GO RED TELECOMUNICACIONES S.L..<\/p>\n\n\n\n<p>Asimismo, le informamos que sus datos no se transferir\u00e1n internacionalmente a ning\u00fan tercer pa\u00eds*.<\/p>\n\n\n\n<p><strong><em>BIS 2<\/em><\/strong><\/p>\n\n\n\n<p>Sin embargo, para tener la m\u00e1xima transparencia con usted, le indicamos que para el env\u00edo de comunicaciones comerciales arriba indicadas, actualmente utilizamos la herramienta Mailchimp, adherida al Privacy Shield (v\u00e9ase el siguiente enlace: https:\/\/www.privacyshield.gov\/participant?id=a2zt0000000TO6hAAG&amp;status=Active<\/p>\n\n\n\n<p>Por ello, nos otorga su consentimiento expl\u00edcito para los fines descritos anteriormente, as\u00ed como las eventuales transferencia internacional de sus dats hacia esta plataforma (v\u00e9ase su Pol\u00edtica de Privacidad:&nbsp;<a href=\"https:\/\/mailchimp.com\/legal\/privacy\/\">https:\/\/mailchimp.com\/legal\/privacy\/<\/a>)<\/p>\n\n\n\n<p><strong><u>6. PROCEDENCIA DE SUS DATOS&nbsp;<\/u><a href=\"http:\/\/www.go-red.es\/politica-de-privacidad\/#_ftn2\"><u>[2]<\/u><\/a><\/strong><\/p>\n\n\n\n<p><strong>\u00bfC\u00f3mo hemos obtenido sus datos?<\/strong><\/p>\n\n\n\n<p>Los datos de car\u00e1cter personal que utiliza GO RED TELECOMUNICACIONES S.L. proceden del propio interesado.<\/p>\n\n\n\n<p><strong>\u00bfQu\u00e9 categor\u00edas de datos manejamos?<\/strong><\/p>\n\n\n\n<p>Las Categor\u00edas de datos de car\u00e1cter personal que se tratan:<\/p>\n\n\n\n<ul class=\"wp-block-list\">\n<li>Datos de identificaci\u00f3n\n<ul class=\"wp-block-list\">\n<li>Nombre<\/li>\n\n\n\n<li>Apellidos<\/li>\n\n\n\n<li>DNI \/ NIE \/ Pasaporte o documento equivalente<\/li>\n\n\n\n<li>Direcciones postales<\/li>\n\n\n\n<li>Direcciones electr\u00f3nicas<\/li>\n\n\n\n<li>Sexo<\/li>\n\n\n\n<li>Fecha de nacimiento<\/li>\n\n\n\n<li>Lugar de nacimiento<\/li>\n<\/ul>\n<\/li>\n<\/ul>\n\n\n\n<ul class=\"wp-block-list\">\n<li>Informaci\u00f3n comercial<\/li>\n\n\n\n<li>Datos econ\u00f3micos<\/li>\n\n\n\n<li>N\u00famero de cuenta bancaria<\/li>\n\n\n\n<li>N\u00famero de tarjeta de cr\u00e9dito<\/li>\n\n\n\n<li>Curriculum vitae<\/li>\n<\/ul>\n\n\n\n<ul class=\"wp-block-list\">\n<li>Datos acad\u00e9micos<\/li>\n\n\n\n<li>Titulaciones<\/li>\n\n\n\n<li>Aficiones<\/li>\n\n\n\n<li>Pertenencia a asociaciones o clubes<\/li>\n<\/ul>\n\n\n\n<p>GO RED TELECOMUNICACIONES S.L. no trata datos especialmente protegidos.<\/p>\n\n\n\n<p><strong><em>&nbsp;7.&nbsp;<\/em><u>AUTORIDAD DE CONTROL<\/u><\/strong><\/p>\n\n\n\n<p>Desde GO RED TELECOMUNICACIONES S.L. ponemos el m\u00e1ximo empe\u00f1o para cumplir con la normativa de protecci\u00f3n de datos dado que es el activo m\u00e1s valioso para nosotros. No obstante, le informamos que en caso de que usted entienda que sus derechos se han visto menoscabados, puede presentar una reclamaci\u00f3n ante la Agencia Espa\u00f1ola de Protecci\u00f3n de Datos (AEPD), sita en C\/ Jorge Juan, 6. 28001 \u2013 Madrid. M\u00e1s informaci\u00f3n sobre la AEPD.&nbsp;<a href=\"http:\/\/www.agpd.es\/\">http:\/\/www.agpd.es\/<\/a><\/p>\n\n\n\n<p><a href=\"http:\/\/www.go-red.es\/politica-de-privacidad\/#_ftnref1\">[1]<\/a>&nbsp;En caso de no mandar comunicaciones comerciales, se puede omitir la presente parte.<\/p>\n\n\n\n<p><a href=\"http:\/\/www.go-red.es\/politica-de-privacidad\/#_ftnref2\">[2]<\/a>&nbsp;Si los datos han sido recabados directamente por el interesado no es necesario complementar este ep\u00edgrafe.<\/p>\n\n\n\n<p>Reservados todos los derechos de autor por las leyes y tratados internacionales de propiedad intelectual. Queda expresamente prohibida su copia, reproducci\u00f3n o difusi\u00f3n, total o parcial, por cualquier medio.<\/p>\n","protected":false},"excerpt":{"rendered":"<p>1. RESPONSABLE \u00bfQui\u00e9n es el responsable de tratamiento de sus datos? Identidad: GO RED TELECOMUNICACIONES S.L. 2. FINALIDAD \u00bfCon que finalidad trataremos sus datos personales? En GO RED TELECOMUNICACIONES S.L. trataremos su informaci\u00f3n para: \u00bfDurante cu\u00e1nto tiempo tendremos sus datos? Los datos personales que nos proporciones ser\u00e1n conservados mientras se mantenga la relaci\u00f3n mercantil vigente. [&hellip;]<\/p>\n","protected":false},"author":1,"featured_media":0,"parent":0,"menu_order":0,"comment_status":"closed","ping_status":"closed","template":"","meta":{"_et_pb_use_builder":"off","_et_pb_old_content":"","_et_gb_content_width":"1080","footnotes":""},"class_list":["post-62","page","type-page","status-publish","hentry"],"yoast_head":"<!-- This site is optimized with the Yoast SEO plugin v26.7 - https:\/\/yoast.com\/wordpress\/plugins\/seo\/ -->\n<title>Pol\u00edtica de privacidad - IE GO-RED<\/title>\n<meta name=\"robots\" content=\"index, follow, max-snippet:-1, max-image-preview:large, max-video-preview:-1\" \/>\n<link rel=\"canonical\" href=\"https:\/\/go-red.es\/ie\/politica-de-privacidad\/\" \/>\n<meta property=\"og:locale\" content=\"es_ES\" \/>\n<meta property=\"og:type\" content=\"article\" \/>\n<meta property=\"og:title\" content=\"Pol\u00edtica de privacidad - IE GO-RED\" \/>\n<meta property=\"og:description\" content=\"1. RESPONSABLE \u00bfQui\u00e9n es el responsable de tratamiento de sus datos? Identidad: GO RED TELECOMUNICACIONES S.L. 2. FINALIDAD \u00bfCon que finalidad trataremos sus datos personales? En GO RED TELECOMUNICACIONES S.L. trataremos su informaci\u00f3n para: \u00bfDurante cu\u00e1nto tiempo tendremos sus datos? Los datos personales que nos proporciones ser\u00e1n conservados mientras se mantenga la relaci\u00f3n mercantil vigente. [&hellip;]\" \/>\n<meta property=\"og:url\" content=\"https:\/\/go-red.es\/ie\/politica-de-privacidad\/\" \/>\n<meta property=\"og:site_name\" content=\"IE GO-RED\" \/>\n<meta property=\"article:modified_time\" content=\"2024-01-05T08:27:56+00:00\" \/>\n<meta name=\"twitter:card\" content=\"summary_large_image\" \/>\n<meta name=\"twitter:label1\" content=\"Tiempo de lectura\" \/>\n\t<meta name=\"twitter:data1\" content=\"6 minutos\" \/>\n<script type=\"application\/ld+json\" class=\"yoast-schema-graph\">{\"@context\":\"https:\/\/schema.org\",\"@graph\":[{\"@type\":\"WebPage\",\"@id\":\"https:\/\/go-red.es\/ie\/politica-de-privacidad\/\",\"url\":\"https:\/\/go-red.es\/ie\/politica-de-privacidad\/\",\"name\":\"Pol\u00edtica de privacidad - IE GO-RED\",\"isPartOf\":{\"@id\":\"https:\/\/go-red.es\/ie\/#website\"},\"datePublished\":\"2024-01-05T08:23:05+00:00\",\"dateModified\":\"2024-01-05T08:27:56+00:00\",\"breadcrumb\":{\"@id\":\"https:\/\/go-red.es\/ie\/politica-de-privacidad\/#breadcrumb\"},\"inLanguage\":\"es\",\"potentialAction\":[{\"@type\":\"ReadAction\",\"target\":[\"https:\/\/go-red.es\/ie\/politica-de-privacidad\/\"]}]},{\"@type\":\"BreadcrumbList\",\"@id\":\"https:\/\/go-red.es\/ie\/politica-de-privacidad\/#breadcrumb\",\"itemListElement\":[{\"@type\":\"ListItem\",\"position\":1,\"name\":\"Portada\",\"item\":\"https:\/\/go-red.es\/ie\/\"},{\"@type\":\"ListItem\",\"position\":2,\"name\":\"Pol\u00edtica de privacidad\"}]},{\"@type\":\"WebSite\",\"@id\":\"https:\/\/go-red.es\/ie\/#website\",\"url\":\"https:\/\/go-red.es\/ie\/\",\"name\":\"IE GO-RED\",\"description\":\"Welcome\",\"publisher\":{\"@id\":\"https:\/\/go-red.es\/ie\/#organization\"},\"potentialAction\":[{\"@type\":\"SearchAction\",\"target\":{\"@type\":\"EntryPoint\",\"urlTemplate\":\"https:\/\/go-red.es\/ie\/?s={search_term_string}\"},\"query-input\":{\"@type\":\"PropertyValueSpecification\",\"valueRequired\":true,\"valueName\":\"search_term_string\"}}],\"inLanguage\":\"es\"},{\"@type\":\"Organization\",\"@id\":\"https:\/\/go-red.es\/ie\/#organization\",\"name\":\"IE GO-RED\",\"url\":\"https:\/\/go-red.es\/ie\/\",\"logo\":{\"@type\":\"ImageObject\",\"inLanguage\":\"es\",\"@id\":\"https:\/\/go-red.es\/ie\/#\/schema\/logo\/image\/\",\"url\":\"https:\/\/go-red.es\/ie\/wp-content\/uploads\/2024\/01\/logo-cabecera.png\",\"contentUrl\":\"https:\/\/go-red.es\/ie\/wp-content\/uploads\/2024\/01\/logo-cabecera.png\",\"width\":331,\"height\":89,\"caption\":\"IE GO-RED\"},\"image\":{\"@id\":\"https:\/\/go-red.es\/ie\/#\/schema\/logo\/image\/\"}}]}<\/script>\n<!-- \/ Yoast SEO plugin. -->","yoast_head_json":{"title":"Pol\u00edtica de privacidad - IE GO-RED","robots":{"index":"index","follow":"follow","max-snippet":"max-snippet:-1","max-image-preview":"max-image-preview:large","max-video-preview":"max-video-preview:-1"},"canonical":"https:\/\/go-red.es\/ie\/politica-de-privacidad\/","og_locale":"es_ES","og_type":"article","og_title":"Pol\u00edtica de privacidad - IE GO-RED","og_description":"1. RESPONSABLE \u00bfQui\u00e9n es el responsable de tratamiento de sus datos? Identidad: GO RED TELECOMUNICACIONES S.L. 2. FINALIDAD \u00bfCon que finalidad trataremos sus datos personales? En GO RED TELECOMUNICACIONES S.L. trataremos su informaci\u00f3n para: \u00bfDurante cu\u00e1nto tiempo tendremos sus datos? Los datos personales que nos proporciones ser\u00e1n conservados mientras se mantenga la relaci\u00f3n mercantil vigente. [&hellip;]","og_url":"https:\/\/go-red.es\/ie\/politica-de-privacidad\/","og_site_name":"IE GO-RED","article_modified_time":"2024-01-05T08:27:56+00:00","twitter_card":"summary_large_image","twitter_misc":{"Tiempo de lectura":"6 minutos"},"schema":{"@context":"https:\/\/schema.org","@graph":[{"@type":"WebPage","@id":"https:\/\/go-red.es\/ie\/politica-de-privacidad\/","url":"https:\/\/go-red.es\/ie\/politica-de-privacidad\/","name":"Pol\u00edtica de privacidad - IE GO-RED","isPartOf":{"@id":"https:\/\/go-red.es\/ie\/#website"},"datePublished":"2024-01-05T08:23:05+00:00","dateModified":"2024-01-05T08:27:56+00:00","breadcrumb":{"@id":"https:\/\/go-red.es\/ie\/politica-de-privacidad\/#breadcrumb"},"inLanguage":"es","potentialAction":[{"@type":"ReadAction","target":["https:\/\/go-red.es\/ie\/politica-de-privacidad\/"]}]},{"@type":"BreadcrumbList","@id":"https:\/\/go-red.es\/ie\/politica-de-privacidad\/#breadcrumb","itemListElement":[{"@type":"ListItem","position":1,"name":"Portada","item":"https:\/\/go-red.es\/ie\/"},{"@type":"ListItem","position":2,"name":"Pol\u00edtica de privacidad"}]},{"@type":"WebSite","@id":"https:\/\/go-red.es\/ie\/#website","url":"https:\/\/go-red.es\/ie\/","name":"IE GO-RED","description":"Welcome","publisher":{"@id":"https:\/\/go-red.es\/ie\/#organization"},"potentialAction":[{"@type":"SearchAction","target":{"@type":"EntryPoint","urlTemplate":"https:\/\/go-red.es\/ie\/?s={search_term_string}"},"query-input":{"@type":"PropertyValueSpecification","valueRequired":true,"valueName":"search_term_string"}}],"inLanguage":"es"},{"@type":"Organization","@id":"https:\/\/go-red.es\/ie\/#organization","name":"IE GO-RED","url":"https:\/\/go-red.es\/ie\/","logo":{"@type":"ImageObject","inLanguage":"es","@id":"https:\/\/go-red.es\/ie\/#\/schema\/logo\/image\/","url":"https:\/\/go-red.es\/ie\/wp-content\/uploads\/2024\/01\/logo-cabecera.png","contentUrl":"https:\/\/go-red.es\/ie\/wp-content\/uploads\/2024\/01\/logo-cabecera.png","width":331,"height":89,"caption":"IE GO-RED"},"image":{"@id":"https:\/\/go-red.es\/ie\/#\/schema\/logo\/image\/"}}]}},"_links":{"self":[{"href":"https:\/\/go-red.es\/ie\/wp-json\/wp\/v2\/pages\/62","targetHints":{"allow":["GET"]}}],"collection":[{"href":"https:\/\/go-red.es\/ie\/wp-json\/wp\/v2\/pages"}],"about":[{"href":"https:\/\/go-red.es\/ie\/wp-json\/wp\/v2\/types\/page"}],"author":[{"embeddable":true,"href":"https:\/\/go-red.es\/ie\/wp-json\/wp\/v2\/users\/1"}],"replies":[{"embeddable":true,"href":"https:\/\/go-red.es\/ie\/wp-json\/wp\/v2\/comments?post=62"}],"version-history":[{"count":2,"href":"https:\/\/go-red.es\/ie\/wp-json\/wp\/v2\/pages\/62\/revisions"}],"predecessor-version":[{"id":69,"href":"https:\/\/go-red.es\/ie\/wp-json\/wp\/v2\/pages\/62\/revisions\/69"}],"wp:attachment":[{"href":"https:\/\/go-red.es\/ie\/wp-json\/wp\/v2\/media?parent=62"}],"curies":[{"name":"wp","href":"https:\/\/api.w.org\/{rel}","templated":true}]}}